{"id":1237,"date":"2022-05-03T21:21:40","date_gmt":"2022-05-03T12:21:40","guid":{"rendered":"https:\/\/haruka-yoshida.com\/?page_id=1237"},"modified":"2023-01-08T20:02:04","modified_gmt":"2023-01-08T11:02:04","slug":"07-%e3%81%86%e3%81%a4%e3%81%8f%e3%81%97%e3%81%84%e3%80%81%e8%ba%ab%e4%bd%93%e3%81%a8%e3%81%ae%e6%97%85%e8%b7%af","status":"publish","type":"page","link":"https:\/\/haruka-yoshida.com\/?page_id=1237","title":{"rendered":"#07 \u3046\u3064\u304f\u3057\u3044\u3001\u8eab\u4f53\u3068\u306e\u65c5\u8def\u00a0| \u3075\u305f\u305f\u3073\u3001\u3042\u305f\u3089\u3057\u3044\u671d\u3092\u751f\u304d\u308b\u3053\u3068\u306b\u3064\u3044\u3066\u00a0"},"content":{"rendered":"\n<p class=\"has-text-align-center\" style=\"font-size:clamp(18.959px, 1.185rem + ((1vw - 3.2px) * 1.15), 30px);\">\u7b2c\u4e03\u591c<\/p>\n\n\n\n<p class=\"has-text-align-center\" style=\"font-size:clamp(16.834px, 1.052rem + ((1vw - 3.2px) * 0.955), 26px);\">\u3046\u3064\u304f\u3057\u3044\u3001\u8eab\u4f53\u3068\u306e\u65c5\u8def<\/p>\n\n\n\n<div style=\"height:100px\" aria-hidden=\"true\" class=\"wp-block-spacer\"><\/div>\n\n\n\n<figure class=\"wp-block-image aligncenter size-large is-style-default\"><img loading=\"lazy\" decoding=\"async\" width=\"1024\" height=\"682\" src=\"https:\/\/haruka-yoshida.com\/wp-content\/uploads\/2023\/01\/futaasa_07-1024x682.jpeg\" alt=\"\" class=\"wp-image-1512\" srcset=\"https:\/\/haruka-yoshida.com\/wp-content\/uploads\/2023\/01\/futaasa_07-1024x682.jpeg 1024w, https:\/\/haruka-yoshida.com\/wp-content\/uploads\/2023\/01\/futaasa_07-300x200.jpeg 300w, https:\/\/haruka-yoshida.com\/wp-content\/uploads\/2023\/01\/futaasa_07-768x512.jpeg 768w, https:\/\/haruka-yoshida.com\/wp-content\/uploads\/2023\/01\/futaasa_07-963x642.jpeg 963w, https:\/\/haruka-yoshida.com\/wp-content\/uploads\/2023\/01\/futaasa_07.jpeg 1334w\" sizes=\"auto, (max-width: 1024px) 100vw, 1024px\" \/><\/figure>\n\n\n\n<div style=\"height:100px\" aria-hidden=\"true\" class=\"wp-block-spacer\"><\/div>\n\n\n\n<p style=\"font-size:clamp(14px, 0.875rem + ((1vw - 3.2px) * 0.104), 15px);\">\u3053\u306e\u8eab\u4f53\u3068\u306f\u3001\u3053\u306e\u307e\u307e\u305a\u3063\u3068\u308f\u304b\u308a\u3042\u3048\u306a\u3044\u306e\u3060\u308d\u3046\u306a\u3001\u3068\u8ae6\u3081\u3066\u3044\u305f\u3002<br>\u904b\u52d5\u304c\u304d\u3089\u3044\u3060\u3063\u305f\u8a33\u3067\u306f\u306a\u304f\u3080\u3057\u308d\u3001\u4ef2\u826f\u304f\u306a\u308a\u305f\u3044\u3068\u5207\u671b\u3057\u3066\u3044\u305f\u3051\u308c\u3069\u3001\u3064\u304f\u3065\u304f\u624d\u306b\u6075\u307e\u308c\u3066\u3044\u306a\u304b\u3063\u305f\u3002<\/p>\n\n\n\n<p style=\"font-size:clamp(14px, 0.875rem + ((1vw - 3.2px) * 0.104), 15px);\">\u516c\u5712\u3067\u540c\u5e74\u4ee3\u306e\u5b50\u306b\u6df7\u3058\u3063\u3066\u99c6\u3051\u3063\u3053\u3092\u3059\u308b\u3068\u304b\u306a\u3089\u305a\u5468\u56de\u9045\u308c\u306b\u306a\u3063\u305f\u3002\u3046\u307e\u304f\u53d7\u8eab\u304c\u53d6\u308c\u306a\u3044\u306e\u3067\u3001\u819d\u5c0f\u50e7\u3084\u9854\u306f\u64e6\u308a\u50b7\u3060\u3089\u3051\u3060\u3063\u305f\u3002\u6c34\u6cf3\u306e\u6388\u696d\u3067\u306f\u3001\u3042\u307e\u308a\u306b\u624b\u8db3\u306b\u63a8\u9032\u529b\u304c\u306a\u304f\u3001\u307e\u305f\u3001\u3059\u3050\u306b\u547c\u5438\u304c\u3046\u307e\u304f\u3086\u304b\u306a\u304f\u306a\u3063\u3066\u6eba\u308c\u305d\u3046\u306b\u306a\u308b\u306e\u3067\u3001\u8eab\u4f53\u3092\u624b\u653e\u3059\u3088\u3046\u306b\u6c34\u9762\u3092\u6f02\u3044\u3001\u3064\u3093\u3068\u5869\u7d20\u304c\u9999\u308b\u30d7\u30fc\u30eb\u30fb\u30d6\u30eb\u30fc\u306e\u6c34\u4e2d\u3067\u307d\u3053\u307d\u3053\u3068\u7acb\u3061\u6607\u308b\u6c17\u6ce1\u3092\u773a\u3081\u3066\u3044\u305f\u3002<\/p>\n\n\n\n<p style=\"font-size:clamp(14px, 0.875rem + ((1vw - 3.2px) * 0.104), 15px);\">\u97f3\u697d\u3092\u3042\u3044\u3057\u3066\u3044\u305f\u306e\u3067\u30ea\u30ba\u30e0\u306b\u3042\u308f\u305b\u3001\u8eab\u4f53\u3092\u52d5\u304b\u3059\u3053\u3068\u306f\u305f\u306e\u3057\u304b\u3063\u305f\u3002\u3051\u308c\u3069\u5f8c\u306b\u306a\u3063\u3066\u3001\u8a18\u9332\u6620\u50cf\u3092\u307f\u3066\u307f\u308b\u3068\u3001\u516c\u5712\u6642\u4ee3\u304b\u3089\u306a\u306b\u3072\u3068\u3064\u5909\u308f\u3089\u305a\u306b\u3001\u5468\u56f2\u3088\u308a\u30ef\u30f3\u30c6\u30f3\u30dd\u9045\u308c\u305f\u632f\u308a\u4ed8\u3051\u3067\u8e0a\u308b\u3001\u304b\u306a\u3057\u3044\u304f\u3089\u3044\u4e0d\u6070\u597d\u306a\u308f\u305f\u3057\u304c\u6620\u3063\u3066\u3044\u308b\u306e\u3060\u3063\u305f\u3002\u601d\u6625\u671f\u306b\u306f\u7f9e\u305a\u304b\u3057\u3055\u3068\u3001\u3044\u305f\u305f\u307e\u308c\u306a\u3055\u3068\u304c\u3053\u3053\u308d\u306e\u5927\u534a\u3092\u5360\u3081\u308b\u3088\u3046\u306b\u306a\u308a\u3001\u3044\u3064\u304b\u3089\u304b\u3001\u4eba\u524d\u3067\u8eab\u4f53\u3092\u3046\u3054\u304b\u3059\u3053\u3068\u3092\u3071\u305f\u308a\u3068\u6b62\u3081\u3066\u3057\u307e\u3063\u305f\u3002<\/p>\n\n\n\n<p style=\"font-size:clamp(14px, 0.875rem + ((1vw - 3.2px) * 0.104), 15px);\"><\/p>\n\n\n\n<p style=\"font-size:clamp(14px, 0.875rem + ((1vw - 3.2px) * 0.104), 15px);\"><\/p>\n\n\n\n<p style=\"font-size:clamp(14px, 0.875rem + ((1vw - 3.2px) * 0.104), 15px);\"><\/p>\n\n\n\n<p style=\"font-size:clamp(14px, 0.875rem + ((1vw - 3.2px) * 0.104), 15px);\"><\/p>\n\n\n\n<p style=\"font-size:clamp(14px, 0.875rem + ((1vw - 3.2px) * 0.104), 15px);\">\u308f\u305f\u3057\u304c\u3001\u305d\u306e\u65c5\u306b\u51fa\u3088\u3046\u3068\u601d\u3063\u305f\u306e\u306f\u3001\u30dd\u30eb\u30c8\u30ac\u30eb\u30fb\u30b9\u30da\u30a4\u30f3\u56fd\u5883\u8fd1\u304f\u306e\u5ca9\u77f3\u306e\u6751\u3067\u3001\u3042\u308b\u65c5\u4eba\u304b\u3089\u5931\u304f\u3057\u305f\u6756\u306e\u8a71\u3092\u805e\u3044\u305f\u304b\u3089\u3060\u3063\u305f\u3002\u305d\u306e\u9053\u306b\u3064\u3044\u3066\u3001\u8ab0\u304b\u304c\u7269\u8a9e\u308b\u306e\u3092\u805e\u304f\u306e\u306f\u305d\u306e\u6642\u304c\u4e8c\u5ea6\u76ee\u3060\u3063\u305f\u3002\u306a\u305c\u3060\u304b\u547c\u3070\u308c\u3066\u3044\u308b\u3088\u3046\u306a\u6c17\u304c\u3057\u3066\u3001\u5e30\u5b85\u3059\u308b\u3084\u5426\u3084\u3001\u6b21\u306e\u65c5\u306e\u6e96\u5099\u3092\u306f\u3058\u3081\u305f\u3002\u5f53\u6642\u4e00\u7dd2\u306b\u66ae\u3089\u3057\u3066\u3044\u305f\u30eb\u30fc\u30e0\u30e1\u30a4\u30c8\u3084\u5927\u5bb6\u3055\u3093\u306f\u5fc3\u914d\u3057\u3066\u3044\u305f\u304c\u3001\u9053\u4e2d\u3067\u304b\u306a\u3089\u305a\u9023\u7d61\u3059\u308b\u3053\u3068\u3092\u7d04\u675f\u3057\u3001\u5bb6\u3092\u51fa\u767a\u3057\u305f\u3002\u4e21\u89aa\u306b\u306f\u79d8\u5bc6\u3060\u3063\u305f\u3002<\/p>\n\n\n\n<p style=\"font-size:clamp(14px, 0.875rem + ((1vw - 3.2px) * 0.104), 15px);\">\u4f55\u304c\u5fc5\u8981\u306a\u306e\u304b\u3001\u4f55\u304c\u3042\u308c\u3070\u56f0\u96e3\u306a\u65c5\u8def\u3092\u5b89\u5168\u306b\u7d42\u3048\u3089\u308c\u308b\u306e\u304b\u306f\u7686\u76ee\u898b\u5f53\u304c\u3064\u304b\u306a\u304b\u3063\u305f\u304c\u3001\u3072\u3068\u307e\u305a\u306f\u5bdd\u888b\u3068\u7740\u66ff\u3048\u306b\u4fdd\u5b58\u98df\u3001\u96e8\u5177\u304c\u7d0d\u3081\u3089\u308c\u305f\u30d0\u30c3\u30b0\u30d1\u30c3\u30af\u3001\u601d\u3044\u5207\u3063\u3066\u65b0\u8abf\u3057\u305f\u6b69\u304d\u3084\u3059\u305d\u3046\u306a\u9774\u304c\u308f\u305f\u3057\u306e\u88c5\u5099\u54c1\u3060\u3063\u305f\u3002<\/p>\n\n\n\n<p style=\"font-size:clamp(14px, 0.875rem + ((1vw - 3.2px) * 0.104), 15px);\">\u9060\u8ddd\u96e2\u3001\u3068\u4e91\u3048\u308b\u79fb\u52d5\u306f\u305b\u3044\u305c\u3044\u5ddd\u5411\u3053\u3046\u306e\u30b7\u30e7\u30c3\u30d4\u30f3\u30b0\u30e2\u30fc\u30eb\u307e\u3067\u3060\u3063\u305f\u5f53\u6642\u306e\u308f\u305f\u3057\u306b\u3068\u3063\u3066\u3001\u4e00\u65e5\u306b20km\u304b\u308930km\u306e\u9053\u306e\u308a\u3092\u4e8c\u9031\u9593\u306b\u6e21\u3063\u3066\u6b69\u304d\u7d9a\u3051\u308b\u3053\u3068\u306f\u3001\u4e8b\u524d\u306b\u60f3\u50cf\u3067\u304d\u308b\u4e16\u754c\u306e\u7bc4\u7587\u3092\u304a\u304a\u304d\u304f\u4e0a\u56de\u3063\u3066\u3044\u305f\u305f\u3081\u3001\u3042\u307e\u308a\u5fc3\u914d\u3057\u3066\u3044\u306a\u304b\u3063\u305f\u3002<\/p>\n\n\n\n<p style=\"font-size:clamp(14px, 0.875rem + ((1vw - 3.2px) * 0.104), 15px);\"><\/p>\n\n\n\n<p style=\"font-size:clamp(14px, 0.875rem + ((1vw - 3.2px) * 0.104), 15px);\"><\/p>\n\n\n\n<p style=\"font-size:clamp(14px, 0.875rem + ((1vw - 3.2px) * 0.104), 15px);\">\u610f\u5916\u306b\u3082\u3001\u521d\u65e5\u306f\u8db3\u53d6\u308a\u8efd\u304f\u7d42\u308f\u3063\u305f\u3002\u3057\u304b\u3057\u7fcc\u65e5\u304b\u3089\u306f\u3001\u6587\u5b57\u901a\u308a\u982d\u306e\u5148\u304b\u3089\u8db3\u306e\u5148\u307e\u3067\u3001\u7b4b\u8089\u3068\u3044\u3046\u7b4b\u8089\u3001\u9aa8\u3068\u3044\u3046\u9aa8\u304c\u8ecb\u307f\u3001\u75db\u307f\u3067\u60b2\u9cf4\u3092\u3042\u3052\u308b\u3088\u3046\u3060\u3063\u305f\u3002\u30d0\u30c3\u30b0\u30d1\u30c3\u30af\u306f\u91cd\u304f\u3001\u6642\u9593\u304c\u7d4c\u3064\u307b\u3069\u3064\u3088\u304f\u80a9\u306b\u98df\u3044\u8fbc\u3080\u3088\u3046\u3060\u3063\u305f\u304c\u3001\u5e78\u904b\u306b\u3082\u4e88\u5099\u306e\u7740\u66ff\u3048\u3092\u521d\u65e5\u306b\u7d1b\u5931\u3057\u3001\u5c11\u3057\u8eab\u8efd\u306b\u306a\u3063\u3066\u3044\u305f\u308f\u305f\u3057\u306f\u3001\u3042\u304d\u3089\u304b\u306b\u4e0d\u8981\u3068\u308f\u304b\u3063\u305f\u4fdd\u5b58\u98df\u3092\u9053\u3067\u51fa\u4f1a\u3046\u3072\u3068\u3073\u3068\u3068\u5206\u3051\u5408\u3044\u306a\u304c\u3089\u3001\u672c\u5f53\u306b\u5fc5\u8981\u306a\u3082\u306e\u3068\u5fc5\u8981\u3067\u306a\u3044\u3082\u306e\u3092\u3075\u308b\u3044\u5206\u3051\u3001\u81ea\u5206\u306e\u6b20\u7247\u3092\u6b8b\u3059\u3088\u3046\u306b\u3042\u3061\u3053\u3061\u3078\u3068\u7f6e\u304d\u53bb\u308a\u306b\u3057\u3066\u3044\u3063\u305f\u3002<\/p>\n\n\n\n<p style=\"font-size:clamp(14px, 0.875rem + ((1vw - 3.2px) * 0.104), 15px);\">\u65e5\u6ca1\u307e\u3067\u306b\u3001\u76ee\u7684\u306e\u5bbf\u306b\u8fbf\u308a\u3064\u3051\u306a\u3044\u65e5\u304c\u4f55\u5ea6\u3082\u3042\u3063\u305f\u3002\u8d64\u8336\u3051\u305f\u30e1\u30bb\u30bf\u306e\u7802\u57c3\u304c\u821e\u3046\u4e2d\u3001\u3046\u3057\u308d\u304b\u3089\u3084\u3063\u3066\u304d\u305f\u65c5\u4eba\u305f\u3061\u304c\u3069\u3093\u3069\u3093\u3068\u308f\u305f\u3057\u3092\u8ffd\u3044\u629c\u304b\u3057\u3066\u3086\u304d\u3001\u3084\u304c\u3066\u8ab0\u3082\u3044\u306a\u304f\u306a\u308b\u3002\u308f\u305f\u3057\u306f\u3001\u3059\u3053\u3057\u6ce3\u304d\u305d\u3046\u306b\u306a\u308a\u306a\u304c\u3089\u3082\u8db3\u3092\u5f15\u304d\u647a\u308a\u3001\u5148\u3078\u9032\u3080\u306e\u3060\u3063\u305f\u3002\u305d\u306e\u3088\u3046\u306a\u65e5\u306b\u9650\u3063\u3066\u3001\u8857\u3092\u53d6\u308a\u56f2\u3080\u57ce\u58c1\u306f\u3069\u3053\u307e\u3067\u3082\u9577\u3044\u3002\u304f\u305f\u304f\u305f\u306b\u75b2\u308c\u679c\u3066\u3001\u5bbf\u306e\u30d9\u30c3\u30c9\u3078\u3068\u5012\u308c\u8fbc\u3080\u4e00\u65e5\u306e\u7d42\u308f\u308a\u306b\u306f\u3001\u3053\u306e\u75db\u307f\u3067\u306f\u3082\u3046\u4e00\u6b69\u3082\u9032\u3081\u306a\u3044\u3001\u3068\u601d\u3044\u306a\u304c\u3089\u7720\u308a\u306b\u3064\u304f\u306e\u3060\u3063\u305f\u3002<\/p>\n\n\n\n<p style=\"font-size:clamp(14px, 0.875rem + ((1vw - 3.2px) * 0.104), 15px);\">\u305d\u308c\u3067\u3082\u671d\u306f\u5909\u308f\u3089\u305a\u306b\u3084\u3063\u3066\u304d\u3066\u3001\u65c5\u4eba\u3092\u6e29\u3081\u3066\u3086\u304f\u3002<br>\u3059\u3053\u3057\u3067\u3082\u65e9\u304f\u3001\u305d\u306e\u65e5\u306e\u7d42\u7740\u5730\u70b9\u306b\u8fbf\u308a\u3064\u304d\u305f\u3044\u308f\u305f\u3057\u305f\u3061\u306f\u3001\u591c\u660e\u3051\u524d\u304b\u3089\u3001\u3042\u305f\u305f\u304b\u306a\u30d9\u30c3\u30c9\u3092\u3001\u5bdd\u888b\u3092\u3001\u5bbf\u3092\u5f8c\u306b\u3057\u3001\u5148\u3078\u3068\u6b69\u304d\u306f\u3058\u3081\u308b\u3002\u76ee\u899a\u3081\u308b\u305f\u3073\u306b\u308f\u305f\u3057\u306f\u3001\u81ea\u3089\u306e\u8eab\u4f53\u304c\u3082\u3063\u3066\u3044\u305f\u529b\u306b\u9a5a\u304b\u3055\u308c\u308b\u3002\u3072\u3068\u305f\u3073\u8377\u3092\u80cc\u8ca0\u3048\u3070\u3001\u6756\u3092\u524d\u306b\u3064\u3051\u3070\u3001\u3042\u3093\u306a\u306b\u3082\u75db\u3093\u3067\u3044\u305f\u8db3\u3092\u524d\u306b\u3001\u524d\u306b\u3068\u52d5\u304b\u3057\u3064\u3065\u3051\u308b\u3053\u3068\u304c\u3067\u304d\u308b\u306e\u3060\u3063\u305f\u3002<\/p>\n\n\n\n<p style=\"font-size:clamp(14px, 0.875rem + ((1vw - 3.2px) * 0.104), 15px);\">\u4e00\u65e5\u306e\u3069\u3053\u304b\u3067\u306f\u3001\u8377\u3092\u8efd\u304f\u611f\u3058\u3001\u8db3\u3082\u4eca\u307e\u3067\u3088\u308a\u305a\u3063\u3068\u901f\u304f\u52d5\u304b\u305b\u308b\u6642\u9593\u304c\u305f\u3073\u305f\u3073\u308f\u305f\u3057\u306e\u8a31\u3092\u8a2a\u308c\u305f\u3002\u4eca\u306b\u306a\u3063\u3066\u307f\u308b\u3068\u3001\u305d\u308c\u306f\u4e00\u7a2e\u306e\u30e9\u30f3\u30ca\u30fc\u30ba\u30cf\u30a4\u3060\u3063\u305f\u3088\u3046\u306b\u304a\u3082\u3046\u304c\u3001\u305d\u306e\u6642\u306e\u308f\u305f\u3057\u306f\u3001\u307e\u308b\u3067\u3060\u308c\u304b\u304b\u3089\u8d08\u3089\u308c\u305f\u795d\u798f\u306e\u3088\u3046\u306b\u305d\u306e\u304b\u308d\u3084\u304b\u306a\u77ac\u9593\u3092\u3042\u3044\u3057\u305f\u3002<\/p>\n\n\n\n<p style=\"font-size:clamp(14px, 0.875rem + ((1vw - 3.2px) * 0.104), 15px);\"><\/p>\n\n\n\n<p style=\"font-size:clamp(14px, 0.875rem + ((1vw - 3.2px) * 0.104), 15px);\"><\/p>\n\n\n\n<p style=\"font-size:clamp(14px, 0.875rem + ((1vw - 3.2px) * 0.104), 15px);\">\u6b69\u304f\u3001\u98df\u4e8b\u3092\u6442\u308b\u3001\u4eba\u3068\u8a71\u3092\u3059\u308b\u3001\u601d\u8003\u3059\u308b\u3001\u4f11\u3080\u3002<\/p>\n\n\n\n<p style=\"font-size:clamp(14px, 0.875rem + ((1vw - 3.2px) * 0.104), 15px);\">\u3053\u308c\u307e\u3067\u3001\u751f\u6d3b\u3092\u5f69\u3063\u3066\u304d\u305f\u884c\u52d5\u306e\u6570\u3005\u304c\u524a\u304e\u843d\u3068\u3055\u308c\u3001\u30b7\u30f3\u30d7\u30eb\u306a\u884c\u70ba\u306b\u53ce\u675f\u3057\u3066\u3086\u304f\u306e\u306b\u3057\u305f\u304c\u3063\u3066\u3001\u76ee\u306e\u524d\u306e\u5206\u304b\u308c\u9053\u3067\u9032\u3080\u3079\u304d\u65b9\u5411\u3001\u8db3\u3092\u8e0f\u307f\u51fa\u3059\u4f4d\u7f6e\u3001\u98df\u4e8b\u3084\u4f11\u307f\u3092\u3068\u308b\u30bf\u30a4\u30df\u30f3\u30b0\u3001\u4eba\u3068\u306e\u4f1a\u8a71\u3001\u7121\u610f\u8b58\u306b\u9078\u3073\u3068\u3063\u3066\u304d\u305f\u884c\u52d5\u306e\u3059\u3079\u3066\u304c\u3001\u81ea\u8eab\u306b\u3088\u3063\u3066\u884c\u308f\u308c\u308b\u6570\u304b\u304e\u308a\u306a\u3044\u9078\u629e\u306e\u4e0a\u306b\u6210\u308a\u7acb\u3063\u3066\u3044\u308b\u3053\u3068\u304c\u660e\u3089\u304b\u306b\u306a\u3063\u3066\u3044\u3063\u305f\u3002<\/p>\n\n\n\n<p style=\"font-size:clamp(14px, 0.875rem + ((1vw - 3.2px) * 0.104), 15px);\">\u6b63\u89e3\u3082\u3001\u4e0d\u6b63\u89e3\u3082\u3001\u4f9d\u7136\u3068\u3057\u3066\u308f\u304b\u3089\u306a\u304b\u3063\u305f\u304c\u3001\u308f\u305f\u3057\u306e\u3044\u306e\u3061\u304c\u3001\u308f\u305f\u3057\u306e\u9078\u3073\u3068\u308b\u7121\u6570\u306e\u9078\u629e\u306b\u9810\u3051\u3089\u308c\u3066\u3044\u308b\u3053\u3068\u306b\u5909\u308f\u308a\u306f\u306a\u304b\u3063\u305f\u3002\u4e00\u9031\u9593\u304c\u7d4c\u3064\u3046\u3061\u306b\u5f37\u976d\u306a\u30d0\u30cd\u3092\u5bbf\u3057\u306f\u3058\u3081\u305f\u811a\u306f\u3001\u967a\u3057\u3044\u5ce0\u9053\u3067\u3082\u308f\u305f\u3057\u306e\u9078\u629e\u3092\u652f\u3048\u305f\u3002\u601d\u3044\u3082\u304b\u3051\u306a\u304b\u3063\u305f\u8eab\u4f53\u306e\u5f37\u3055\u3001\u3057\u306a\u3084\u304b\u3055\u3092\u77e5\u308a\u3001\u6238\u60d1\u3046\u306e\u3068\u540c\u6642\u306b\u308f\u305f\u3057\u306f\u3001\u304b\u305f\u304f\u306a\u3067\u601d\u3044\u901a\u308a\u306b\u306a\u3089\u306a\u3044\u3068\u653e\u308a\u51fa\u3057\u3066\u304d\u305f\u3053\u306e\u8eab\u4f53\u306e\u53ef\u80fd\u6027\u3092\u5c01\u3058\u3053\u3081\u3066\u304d\u305f\u306e\u306f\u81ea\u5206\u81ea\u8eab\u3060\u3063\u305f\u306e\u304b\u3082\u3057\u308c\u306a\u3044\u3068\u3001\u304b\u3064\u3066\u611f\u3058\u305f\u7f9e\u3057\u3055\u3068\u306f\u5225\u7a2e\u306e\u306f\u305a\u304b\u3057\u3055\u306b\u8972\u308f\u308c\u305f\u306e\u3060\u3063\u305f\u3002<\/p>\n\n\n\n<p style=\"font-size:clamp(14px, 0.875rem + ((1vw - 3.2px) * 0.104), 15px);\"><\/p>\n\n\n\n<p style=\"font-size:clamp(14px, 0.875rem + ((1vw - 3.2px) * 0.104), 15px);\"><\/p>\n\n\n\n<p style=\"font-size:clamp(14px, 0.875rem + ((1vw - 3.2px) * 0.104), 15px);\">\u305d\u306e\u65c5\u304c\u3001\u3069\u306e\u3088\u3046\u306b\u3057\u3066\u7d42\u308f\u3063\u305f\u306e\u304b\u306f\u3001\u307e\u305f\u3069\u3053\u304b\u3001\u5225\u306e\u6a5f\u4f1a\u306b\u304a\u8a71\u3067\u304d\u305f\u3089\u3068\u304a\u3082\u3046\u3002<\/p>\n\n\n\n<p style=\"font-size:clamp(14px, 0.875rem + ((1vw - 3.2px) * 0.104), 15px);\"><\/p>\n\n\n\n<p style=\"font-size:clamp(14px, 0.875rem + ((1vw - 3.2px) * 0.104), 15px);\"><\/p>\n\n\n\n<p style=\"font-size:clamp(14px, 0.875rem + ((1vw - 3.2px) * 0.104), 15px);\">\u305d\u308c\u304b\u3089\u306e\u8a71\u3092\u3059\u308b\u306a\u3089\u3001\u308f\u305f\u3057\u306f\u7fd2\u308f\u306a\u304b\u3063\u305f\u30c0\u30f3\u30b9\u306e\u4ee3\u308f\u308a\u306b\u30e8\u30fc\u30ac\u3092\u306f\u3058\u3081\u305f\u3068\u3044\u3046\u3053\u3068\u3001\u8155\u3092\u6301\u3061\u4e0a\u3052\u5186\u5f27\u3092\u63cf\u304f\u3068\u304d\u3001\u307e\u308b\u3067\u30a6\u30a3\u30c8\u30eb\u30a6\u30a3\u30a6\u30b9\u7684\u4eba\u4f53\u56f3\u306e\u3088\u3046\u3060\u3068\u304a\u3082\u3046\u3053\u3068\u3001\u5747\u7b49\u3092\u4fdd\u3064\u3088\u3046\u8eab\u4f53\u3092\u652f\u3048\u3001\u5e8a\u3092\u8e0f\u307f\u3057\u3081\u308b\u305f\u3073\u3042\u306e\u65c5\u306e\u5ce0\u9053\u304c\u8133\u88cf\u306b\u6d6e\u304b\u3076\u3053\u3068\u3001\u305d\u3057\u3066\u3064\u3081\u305f\u3044\u5e8a\u306b\u6a2a\u305f\u308f\u308b\u3068\u304d\u3001\u3042\u305f\u305f\u304b\u306a\u8840\u6f6e\u306e\u6d41\u308c\u308b\u3053\u306e\u8eab\u4f53\u3068\u308f\u305f\u3057\u304c\u3001\u3075\u305f\u305f\u3073\u51fa\u4f1a\u3063\u3066\u3044\u308b\u3068\u3044\u3046\u3053\u3068\u3060\u308d\u3046\u3002<\/p>\n\n\n\n<p><\/p>\n\n\n\n<p class=\"has-text-align-right link-underline-nodisplay\" style=\"font-size:clamp(14px, 0.875rem + ((1vw - 3.2px) * 0.104), 15px);\"><a href=\"\/?page_id=1239\" data-type=\"URL\">8. Voc\u00ea \u00e9 o que voc\u00ea come\uff1e<\/a><\/p>\n\n\n\n<p><\/p>\n\n\n\n<p class=\"has-text-align-center link-underline-nodisplay link_bg_txt\" style=\"font-size:clamp(14px, 0.875rem + ((1vw - 3.2px) * 0.104), 15px);\"><a href=\"\/?page_id=543#2019.5.15\">\u7b2c\u4e03\u591c\u3078\u306e\u624b\u7d19<\/a><\/p>\n","protected":false},"excerpt":{"rendered":"<p>\u7b2c\u4e03\u591c \u3046\u3064\u304f\u3057\u3044\u3001\u8eab\u4f53\u3068\u306e\u65c5\u8def \u3053\u306e\u8eab\u4f53\u3068\u306f\u3001\u3053\u306e\u307e\u307e\u305a\u3063\u3068\u308f\u304b\u308a\u3042\u3048\u306a\u3044\u306e\u3060\u308d\u3046\u306a\u3001\u3068\u8ae6\u3081\u3066\u3044\u305f\u3002\u904b\u52d5\u304c\u304d\u3089\u3044\u3060\u3063\u305f\u8a33\u3067\u306f\u306a\u304f\u3080\u3057\u308d\u3001\u4ef2\u826f\u304f\u306a\u308a\u305f\u3044\u3068\u5207\u671b\u3057\u3066\u3044\u305f\u3051\u308c\u3069\u3001\u3064\u304f\u3065\u304f\u624d\u306b\u6075\u307e\u308c\u3066\u3044\u306a\u304b\u3063\u305f\u3002 \u516c\u5712\u3067\u540c\u5e74\u4ee3 &hellip; <\/p>\n<p class=\"link-more\"><a href=\"https:\/\/haruka-yoshida.com\/?page_id=1237\" class=\"more-link\">\u7d9a\u304d\u3092\u8aad\u3080<span class=\"screen-reader-text\"> &#8220;#07 \u3046\u3064\u304f\u3057\u3044\u3001\u8eab\u4f53\u3068\u306e\u65c5\u8def\u00a0| \u3075\u305f\u305f\u3073\u3001\u3042\u305f\u3089\u3057\u3044\u671d\u3092\u751f\u304d\u308b\u3053\u3068\u306b\u3064\u3044\u3066\u00a0&#8220;<\/span><\/a><\/p>\n","protected":false},"author":3,"featured_media":0,"parent":0,"menu_order":0,"comment_status":"closed","ping_status":"closed","template":"","meta":{"footnotes":""},"class_list":["post-1237","page","type-page","status-publish","hentry"],"_links":{"self":[{"href":"https:\/\/haruka-yoshida.com\/index.php?rest_route=\/wp\/v2\/pages\/1237","targetHints":{"allow":["GET"]}}],"collection":[{"href":"https:\/\/haruka-yoshida.com\/index.php?rest_route=\/wp\/v2\/pages"}],"about":[{"href":"https:\/\/haruka-yoshida.com\/index.php?rest_route=\/wp\/v2\/types\/page"}],"author":[{"embeddable":true,"href":"https:\/\/haruka-yoshida.com\/index.php?rest_route=\/wp\/v2\/users\/3"}],"replies":[{"embeddable":true,"href":"https:\/\/haruka-yoshida.com\/index.php?rest_route=%2Fwp%2Fv2%2Fcomments&post=1237"}],"version-history":[{"count":5,"href":"https:\/\/haruka-yoshida.com\/index.php?rest_route=\/wp\/v2\/pages\/1237\/revisions"}],"predecessor-version":[{"id":1514,"href":"https:\/\/haruka-yoshida.com\/index.php?rest_route=\/wp\/v2\/pages\/1237\/revisions\/1514"}],"wp:attachment":[{"href":"https:\/\/haruka-yoshida.com\/index.php?rest_route=%2Fwp%2Fv2%2Fmedia&parent=1237"}],"curies":[{"name":"wp","href":"https:\/\/api.w.org\/{rel}","templated":true}]}}